{"id":476,"date":"2022-03-24T13:16:56","date_gmt":"2022-03-24T13:16:56","guid":{"rendered":"https:\/\/monteplastsrl.sviluppokeyweb.com\/privacy\/"},"modified":"2025-12-12T09:06:13","modified_gmt":"2025-12-12T09:06:13","slug":"privacy","status":"publish","type":"page","link":"https:\/\/www.monteplastsrl.it\/de\/privacy\/","title":{"rendered":"Vollst\u00e4ndige Datenschutzrichtlinie gem\u00e4\u00df GPDR 2016\/679"},"content":{"rendered":"<p>[et_pb_section fb_built=&#8220;1&#8243; _builder_version=&#8220;4.20.0&#8243; _module_preset=&#8220;default&#8220; global_colors_info=&#8220;{}&#8220;][et_pb_row _builder_version=&#8220;4.20.0&#8243; _module_preset=&#8220;default&#8220; global_colors_info=&#8220;{}&#8220;][et_pb_column type=&#8220;4_4&#8243; _builder_version=&#8220;4.20.0&#8243; _module_preset=&#8220;default&#8220; global_colors_info=&#8220;{}&#8220;][et_pb_code _builder_version=&#8220;4.27.5&#8243; _module_preset=&#8220;default&#8220; hover_enabled=&#8220;0&#8243; global_colors_info=&#8220;{}&#8220; sticky_enabled=&#8220;0&#8243;]<a href=\"https:\/\/www.iubenda.com\/privacy-policy\/53906680\" class=\"iubenda-white no-brand iubenda-noiframe iubenda-embed iub-no-markup iubenda-noiframe iub-body-embed\" title=\"Datenschutzerkl\u00e4rung\">Datenschutzerkl\u00e4rung<\/a><script type=\"text\/javascript\">(function (w,d) {var loader = function () {var s = d.createElement(\"script\"), tag = d.getElementsByTagName(\"script\")[0]; s.src=\"https:\/\/cdn.iubenda.com\/iubenda.js\"; tag.parentNode.insertBefore(s,tag);}; if(w.addEventListener){w.addEventListener(\"load\", loader, false);}else if(w.attachEvent){w.attachEvent(\"onload\", loader);}else{w.onload = loader;}})(window, document);<\/script>[\/et_pb_code][\/et_pb_column][\/et_pb_row][\/et_pb_section]<\/p>\n","protected":false},"excerpt":{"rendered":"","protected":false},"author":1,"featured_media":0,"parent":0,"menu_order":0,"comment_status":"closed","ping_status":"closed","template":"","meta":{"_et_pb_use_builder":"on","_et_pb_old_content":"","_et_gb_content_width":"","footnotes":""},"class_list":["post-476","page","type-page","status-publish","hentry"],"yoast_head":"<!-- This site is optimized with the Yoast SEO plugin v26.5 - https:\/\/yoast.com\/wordpress\/plugins\/seo\/ -->\n<title>Vollst\u00e4ndige Datenschutzrichtlinie gem\u00e4\u00df GPDR 2016\/679 - Monteplast<\/title>\n<meta name=\"robots\" content=\"index, follow, max-snippet:-1, max-image-preview:large, max-video-preview:-1\" \/>\n<link rel=\"canonical\" href=\"https:\/\/www.monteplastsrl.it\/de\/privacy\/\" \/>\n<meta property=\"og:locale\" content=\"de_DE\" \/>\n<meta property=\"og:type\" content=\"article\" \/>\n<meta property=\"og:title\" content=\"Vollst\u00e4ndige Datenschutzrichtlinie gem\u00e4\u00df GPDR 2016\/679 - Monteplast\" \/>\n<meta property=\"og:url\" content=\"https:\/\/www.monteplastsrl.it\/de\/privacy\/\" \/>\n<meta property=\"og:site_name\" content=\"Monteplast\" \/>\n<meta property=\"article:modified_time\" content=\"2025-12-12T09:06:13+00:00\" \/>\n<meta name=\"twitter:card\" content=\"summary_large_image\" \/>\n<meta name=\"twitter:label1\" content=\"Gesch\u00e4tzte Lesezeit\" \/>\n\t<meta name=\"twitter:data1\" content=\"1\u00a0Minute\" \/>\n<script type=\"application\/ld+json\" class=\"yoast-schema-graph\">{\"@context\":\"https:\/\/schema.org\",\"@graph\":[{\"@type\":\"WebPage\",\"@id\":\"https:\/\/www.monteplastsrl.it\/de\/privacy\/\",\"url\":\"https:\/\/www.monteplastsrl.it\/de\/privacy\/\",\"name\":\"Vollst\u00e4ndige Datenschutzrichtlinie gem\u00e4\u00df GPDR 2016\/679 - Monteplast\",\"isPartOf\":{\"@id\":\"https:\/\/www.monteplastsrl.it\/de\/#website\"},\"datePublished\":\"2022-03-24T13:16:56+00:00\",\"dateModified\":\"2025-12-12T09:06:13+00:00\",\"breadcrumb\":{\"@id\":\"https:\/\/www.monteplastsrl.it\/de\/privacy\/#breadcrumb\"},\"inLanguage\":\"de\",\"potentialAction\":[{\"@type\":\"ReadAction\",\"target\":[\"https:\/\/www.monteplastsrl.it\/de\/privacy\/\"]}]},{\"@type\":\"BreadcrumbList\",\"@id\":\"https:\/\/www.monteplastsrl.it\/de\/privacy\/#breadcrumb\",\"itemListElement\":[{\"@type\":\"ListItem\",\"position\":1,\"name\":\"Home\",\"item\":\"https:\/\/www.monteplastsrl.it\/de\/\"},{\"@type\":\"ListItem\",\"position\":2,\"name\":\"Vollst\u00e4ndige Datenschutzrichtlinie gem\u00e4\u00df GPDR 2016\/679\"}]},{\"@type\":\"WebSite\",\"@id\":\"https:\/\/www.monteplastsrl.it\/de\/#website\",\"url\":\"https:\/\/www.monteplastsrl.it\/de\/\",\"name\":\"Monteplast\",\"description\":\"\",\"potentialAction\":[{\"@type\":\"SearchAction\",\"target\":{\"@type\":\"EntryPoint\",\"urlTemplate\":\"https:\/\/www.monteplastsrl.it\/de\/?s={search_term_string}\"},\"query-input\":{\"@type\":\"PropertyValueSpecification\",\"valueRequired\":true,\"valueName\":\"search_term_string\"}}],\"inLanguage\":\"de\"}]}<\/script>\n<!-- \/ Yoast SEO plugin. -->","yoast_head_json":{"title":"Vollst\u00e4ndige Datenschutzrichtlinie gem\u00e4\u00df GPDR 2016\/679 - Monteplast","robots":{"index":"index","follow":"follow","max-snippet":"max-snippet:-1","max-image-preview":"max-image-preview:large","max-video-preview":"max-video-preview:-1"},"canonical":"https:\/\/www.monteplastsrl.it\/de\/privacy\/","og_locale":"de_DE","og_type":"article","og_title":"Vollst\u00e4ndige Datenschutzrichtlinie gem\u00e4\u00df GPDR 2016\/679 - Monteplast","og_url":"https:\/\/www.monteplastsrl.it\/de\/privacy\/","og_site_name":"Monteplast","article_modified_time":"2025-12-12T09:06:13+00:00","twitter_card":"summary_large_image","twitter_misc":{"Gesch\u00e4tzte Lesezeit":"1\u00a0Minute"},"schema":{"@context":"https:\/\/schema.org","@graph":[{"@type":"WebPage","@id":"https:\/\/www.monteplastsrl.it\/de\/privacy\/","url":"https:\/\/www.monteplastsrl.it\/de\/privacy\/","name":"Vollst\u00e4ndige Datenschutzrichtlinie gem\u00e4\u00df GPDR 2016\/679 - Monteplast","isPartOf":{"@id":"https:\/\/www.monteplastsrl.it\/de\/#website"},"datePublished":"2022-03-24T13:16:56+00:00","dateModified":"2025-12-12T09:06:13+00:00","breadcrumb":{"@id":"https:\/\/www.monteplastsrl.it\/de\/privacy\/#breadcrumb"},"inLanguage":"de","potentialAction":[{"@type":"ReadAction","target":["https:\/\/www.monteplastsrl.it\/de\/privacy\/"]}]},{"@type":"BreadcrumbList","@id":"https:\/\/www.monteplastsrl.it\/de\/privacy\/#breadcrumb","itemListElement":[{"@type":"ListItem","position":1,"name":"Home","item":"https:\/\/www.monteplastsrl.it\/de\/"},{"@type":"ListItem","position":2,"name":"Vollst\u00e4ndige Datenschutzrichtlinie gem\u00e4\u00df GPDR 2016\/679"}]},{"@type":"WebSite","@id":"https:\/\/www.monteplastsrl.it\/de\/#website","url":"https:\/\/www.monteplastsrl.it\/de\/","name":"Monteplast","description":"","potentialAction":[{"@type":"SearchAction","target":{"@type":"EntryPoint","urlTemplate":"https:\/\/www.monteplastsrl.it\/de\/?s={search_term_string}"},"query-input":{"@type":"PropertyValueSpecification","valueRequired":true,"valueName":"search_term_string"}}],"inLanguage":"de"}]}},"_links":{"self":[{"href":"https:\/\/www.monteplastsrl.it\/de\/wp-json\/wp\/v2\/pages\/476","targetHints":{"allow":["GET"]}}],"collection":[{"href":"https:\/\/www.monteplastsrl.it\/de\/wp-json\/wp\/v2\/pages"}],"about":[{"href":"https:\/\/www.monteplastsrl.it\/de\/wp-json\/wp\/v2\/types\/page"}],"author":[{"embeddable":true,"href":"https:\/\/www.monteplastsrl.it\/de\/wp-json\/wp\/v2\/users\/1"}],"replies":[{"embeddable":true,"href":"https:\/\/www.monteplastsrl.it\/de\/wp-json\/wp\/v2\/comments?post=476"}],"version-history":[{"count":4,"href":"https:\/\/www.monteplastsrl.it\/de\/wp-json\/wp\/v2\/pages\/476\/revisions"}],"predecessor-version":[{"id":880,"href":"https:\/\/www.monteplastsrl.it\/de\/wp-json\/wp\/v2\/pages\/476\/revisions\/880"}],"wp:attachment":[{"href":"https:\/\/www.monteplastsrl.it\/de\/wp-json\/wp\/v2\/media?parent=476"}],"curies":[{"name":"wp","href":"https:\/\/api.w.org\/{rel}","templated":true}]}}